{"id":10955,"date":"2018-12-10T03:06:47","date_gmt":"2018-12-10T03:06:47","guid":{"rendered":"https:\/\/www.milosadventures.gr\/?page_id=10955"},"modified":"2023-09-27T10:06:39","modified_gmt":"2023-09-27T10:06:39","slug":"about-us","status":"publish","type":"page","link":"https:\/\/www.milosadventures.gr\/fr\/about-us\/","title":{"rendered":"\u00c0 propos de nous"},"content":{"rendered":"<p>[vc_row][vc_column][vc_empty_space height=\u00a0\u00bb60px\u00a0\u00bb][\/vc_column][\/vc_row][vc_row][vc_column width=\u00a0\u00bb1\/2&Prime;][vc_single_image image=\u00a0\u00bb10333&Prime; img_size=\u00a0\u00bbfull\u00a0\u00bb alignment=\u00a0\u00bbcenter\u00a0\u00bb css_animation=\u00a0\u00bbnone\u00a0\u00bb][vc_column_text el_class=\u00a0\u00bbst-aboutus-title\u00a0\u00bb]<\/p>\n<h3>Notre Histoire<\/h3>\n<p>[\/vc_column_text][vc_column_text el_class=\u00a0\u00bbst-aboutus-content\u00a0\u00bb]En 1994, Xenakis Nikolaos a commenc\u00e9 avec un petit voilier pour transporter les visiteurs vers des plages inaccessibles. Son r\u00eave \u00e9tait d&rsquo;offrir des moments uniques de d\u00e9tente et d&rsquo;aventure !<br \/>\nVingt ans plus tard, la m\u00eame envie est partag\u00e9e par ses coll\u00e8gues. Ensemble, ils ont d\u00e9velopp\u00e9 l&rsquo;id\u00e9e originale pour qu&rsquo;aujourd&rsquo;hui Milos Aventures propose de remarquables services touristiques int\u00e9gr\u00e9s par bateau ou des forfaits organis\u00e9s. La s\u00e9curit\u00e9 de nos clients et leur traitement avec respect et fiabilit\u00e9 ont toujours \u00e9t\u00e9 une priorit\u00e9 pour tous les membres de notre bureau, veillant ainsi \u00e0 ce que leur visite soit une exp\u00e9rience inoubliable\u2026 jusqu&rsquo;\u00e0 leur prochaine visite ![\/vc_column_text][vc_empty_space height=\u00a0\u00bb30px\u00a0\u00bb][\/vc_column][vc_column width=\u00a0\u00bb1\/2&Prime;][vc_single_image image=\u00a0\u00bb10398&Prime; img_size=\u00a0\u00bbfull\u00a0\u00bb alignment=\u00a0\u00bbcenter\u00a0\u00bb css_animation=\u00a0\u00bbnone\u00a0\u00bb][vc_column_text el_class=\u00a0\u00bbst-aboutus-title\u00a0\u00bb]<\/p>\n<h3>Notre Mission<\/h3>\n<p>[\/vc_column_text][vc_column_text el_class=\u00a0\u00bbst-aboutus-content\u00a0\u00bb]D\u00e9couvrez la <strong>beaut\u00e9 de l&rsquo;\u00eele de Milos<\/strong>. Rejoignez-nous pour une <strong>incroyable excursion quotidienne<\/strong> \u00e0 bord des <strong>catamarans \u00e0 voile Chrysovalandou<\/strong>. Initiez-vous au matelotage, participez activement aux proc\u00e9dures de navigation et visitez des lieux c\u00e9l\u00e8bres accessibles uniquement par voie maritime.<br \/>\nVous \u00eates \u00e9galement les bienvenus pour essayer d\u2019autres <strong>circuits uniques par mer ou par terre\u2026<\/strong><\/p>\n<p>[\/vc_column_text][vc_empty_space height=\u00a0\u00bb30px\u00a0\u00bb][\/vc_column][\/vc_row][vc_row][vc_column][vc_empty_space height=\u00a0\u00bb20px\u00a0\u00bb][vc_empty_space height=\u00a0\u00bb65px\u00a0\u00bb]<div class=\"st-aboutus-info\">\r\n        <p class=\"message\">\"Nikolaos Xenakis - Capitaine Le capitaine Nikolaos est un skipper de yachts \u00e0 voile bien connu, en raison de son excellente exp\u00e9rience en catamarans. Il est propri\u00e9taire d&#039;un Dufour Nautitech 475 depuis 1999. N\u00e9 en 1963 \u00e0 Ath\u00e8nes, il est mari\u00e9 depuis 16 ans et a une jeune fille. Skipper professionnel depuis 1984, il poss\u00e8de toute la formation appropri\u00e9e pour vous guider en toute s\u00e9curit\u00e9 autour des \u00eeles grecques et vous garantir une croisi\u00e8re agr\u00e9able et sans soucis. Le capitaine Nikolaos est un expert de la voile dans les \u00eeles des Cyclades et il sait comme peu s&#039;occuper de tous les besoins de ses invit\u00e9s. Il saura satisfaire toutes vos envies de vacances : vous emmener dans des baies isol\u00e9es, vous informer sur les sites int\u00e9ressants, vous proposer des lieux cosmopolites pour se restaurer &amp; se divertir. Sa langue maternelle est le grec et il parle couramment l&#039;anglais. Il se socialise facilement entre diff\u00e9rentes personnes et il vous fera vous sentir comme chez vous avec son sourire chaleureux et sa pr\u00e9sence discr\u00e8te. Ses passe-temps incluent la p\u00eache, la cuisine et la plong\u00e9e.\"<\/p>\r\n        <img decoding=\"async\" src=\"https:\/\/www.milosadventures.gr\/wp-content\/uploads\/2022\/04\/xenakis1.png\" alt=\"Milos Adventures\"\/>            <p class=\"name\">Nikolaos Xenakis<\/p>\r\n                <p class=\"pos\">Capitaine<\/p>\r\n    <\/div>[vc_empty_space height=\u00a0\u00bb65px\u00a0\u00bb][\/vc_column][\/vc_row][vc_row full_width=\u00a0\u00bbstretch_row_content_no_spaces\u00a0\u00bb row_fullwidth=\u00a0\u00bbyes\u00a0\u00bb][vc_column css=\u00a0\u00bb.vc_custom_1543386510262{padding-right: 0px !important;padding-left: 0px !important;}\u00a0\u00bb]<div class=\"st-aboutus-gallery\">\n            <div class=\"st-flickity st-gallery\">\n            <div class=\"carousel\"\n                 data-flickity='{ \"wrapAround\": true, \"pageDots\": true , \"autoPlay\" : true}'>\n                                    <div class=\"item\" style=\"background-image: url('https:\/\/www.milosadventures.gr\/wp-content\/uploads\/2022\/04\/slider1.png')\"><\/div>\n                                        <div class=\"item\" style=\"background-image: url('https:\/\/www.milosadventures.gr\/wp-content\/uploads\/2022\/04\/slider2.png')\"><\/div>\n                                        <div class=\"item\" style=\"background-image: url('https:\/\/www.milosadventures.gr\/wp-content\/uploads\/2022\/04\/slider3.png')\"><\/div>\n                                <\/div>\n            <div class=\"slogan\">\n                <h4>La vie chez le Voyageur<\/h4>\n                                        <a href=\"http:\/\/milosadventures.gr\/fr\/st_tour_type\/daily-cruises\/\" target=\"\" class=\"btn btn-green\">RESERVE MAINTENANT<\/a>\n                                <\/div>\n        <\/div>\n    <\/div>\n[\/vc_column][\/vc_row][vc_row][vc_column][vc_empty_space height=\u00a0\u00bb130px\u00a0\u00bb][vc_row_inner][vc_column_inner][vc_column_text]<\/p>\n<h2 style=\"text-align: center;\">Our Team<\/h2>\n<p>[\/vc_column_text][\/vc_column_inner][\/vc_row_inner][vc_empty_space height=\u00a0\u00bb40px\u00a0\u00bb][vc_row_inner equal_height=\u00a0\u00bbyes\u00a0\u00bb][vc_column_inner width=\u00a0\u00bb1\/2&Prime; offset=\u00a0\u00bbvc_col-md-6 vc_col-xs-12&Prime; css=\u00a0\u00bb.vc_custom_1648631104937{margin-bottom: 40px !important;}\u00a0\u00bb][vc_hoverbox image=\u00a0\u00bb10757&Prime; primary_title=\u00a0\u00bbPolichronis Mavros &#8211; Capitaine\u00a0\u00bb hover_title=\u00a0\u00bb\u00a0\u00bb]Il capitano Polichronis \u00e8 uno skipper eccezionale di barche a vela, anche se \u00e8 un nuovo arrivato. Ha un&rsquo;esperienza impareggiabile nei catamarani poich\u00e9 possiede un Dufour Nautitech 395 dal 2010. Nato nel 1974 ad Atene, \u00e8 sposato di recente e ha due bellissimi maschietti. Ha oltre 10 anni di servizio in mare e ottime capacit\u00e0 per navigare in sicurezza intorno alle isole dell&rsquo;arcipelago greco, in particolare nel complesso delle isole Cicladi. Il capitano Polichronis sa come pochi come prendersi cura di tutte le esigenze dei suoi ospiti. Con le sue buone maniere e la sua personalit\u00e0 estroversa, diventa la guida pi\u00f9 affidabile per una vacanza indimenticabile. La sua lingua madre \u00e8 il greco. Parla bene in inglese e italiano. Ama i voli con aeroplani leggeri, la pesca e la cucina.<\/p>\n<p>[\/vc_hoverbox][\/vc_column_inner][vc_column_inner width=\u00a0\u00bb1\/2&Prime; offset=\u00a0\u00bbvc_col-md-6 vc_col-xs-12&Prime;][vc_hoverbox image=\u00a0\u00bb10764&Prime; primary_title=\u00a0\u00bbEmmanouel-Georgios Dalis &#8211; Marin\u00a0\u00bb hover_title=\u00a0\u00bb\u00a0\u00bb]Emmanouel-Georgios \u00e8 nato nel 1996. Ha conseguito il diploma di marinaio nel 2020 e il diploma di vela nel 2015. Ha la patente nautica dal 2014 e da allora lavora come skipper. \u00c8 esperto in bagnino e conosce i problemi di sicurezza delle navi. La sua lingua madre \u00e8 il greco e parla bene l&rsquo;inglese. \u00c8 un atleta professionista di pallanuoto ed \u00e8 appassionato di sport acquatici come: sci nautico, wakeboard, wake surf, surf, jet ski e tubi.<\/p>\n<p>[\/vc_hoverbox][\/vc_column_inner][\/vc_row_inner][vc_row_inner][vc_column_inner offset=\u00a0\u00bbvc_hidden-lg vc_hidden-md vc_hidden-sm\u00a0\u00bb][vc_empty_space height=\u00a0\u00bb40px\u00a0\u00bb][\/vc_column_inner][\/vc_row_inner][vc_row_inner equal_height=\u00a0\u00bbyes\u00a0\u00bb][vc_column_inner offset=\u00a0\u00bbvc_col-md-6 vc_col-xs-12&Prime; css=\u00a0\u00bb.vc_custom_1648631112510{margin-bottom: 40px !important;}\u00a0\u00bb][\/vc_column_inner][vc_column_inner offset=\u00a0\u00bbvc_col-md-6 vc_col-xs-12&Prime;][\/vc_column_inner][\/vc_row_inner][vc_empty_space height=\u00a0\u00bb130px\u00a0\u00bb][\/vc_column][\/vc_row]<\/p>\n","protected":false},"excerpt":{"rendered":"<p>[vc_row][vc_column][vc_empty_space height=\u00a0\u00bb60px\u00a0\u00bb][\/vc_column][\/vc_row][vc_row][vc_column width=\u00a0\u00bb1\/2&Prime;][vc_single_image image=\u00a0\u00bb10333&Prime; img_size=\u00a0\u00bbfull\u00a0\u00bb alignment=\u00a0\u00bbcenter\u00a0\u00bb css_animation=\u00a0\u00bbnone\u00a0\u00bb][vc_column_text el_class=\u00a0\u00bbst-aboutus-title\u00a0\u00bb] Notre Histoire [\/vc_column_text][vc_column_text el_class=\u00a0\u00bbst-aboutus-content\u00a0\u00bb]En 1994, Xenakis Nikolaos a commenc\u00e9 avec un petit voilier pour transporter les visiteurs vers des plages inaccessibles. Son r\u00eave \u00e9tait d&rsquo;offrir des moments uniques de d\u00e9tente et d&rsquo;aventure ! Vingt ans plus tard, la m\u00eame envie est partag\u00e9e par ses coll\u00e8gues. Ensemble, ils [&hellip;]<\/p>\n","protected":false},"author":2,"featured_media":11564,"parent":0,"menu_order":0,"comment_status":"closed","ping_status":"closed","template":"template-home-modern.php","meta":{"footnotes":""},"class_list":["post-10955","page","type-page","status-publish","has-post-thumbnail","hentry"],"yoast_head":"<!-- This site is optimized with the Yoast SEO plugin v27.4 - https:\/\/yoast.com\/product\/yoast-seo-wordpress\/ -->\n<title>\u00c0 propos de nous - Milos Adventures<\/title>\n<meta name=\"robots\" content=\"index, follow, max-snippet:-1, max-image-preview:large, max-video-preview:-1\" \/>\n<link rel=\"canonical\" href=\"https:\/\/www.milosadventures.gr\/fr\/about-us\/\" \/>\n<meta property=\"og:locale\" content=\"fr_FR\" \/>\n<meta property=\"og:type\" content=\"article\" \/>\n<meta property=\"og:title\" content=\"\u00c0 propos de nous - Milos Adventures\" \/>\n<meta property=\"og:description\" content=\"[vc_row][vc_column][vc_empty_space height=\u00a0\u00bb60px\u00a0\u00bb][\/vc_column][\/vc_row][vc_row][vc_column width=\u00a0\u00bb1\/2&Prime;][vc_single_image image=\u00a0\u00bb10333&Prime; img_size=\u00a0\u00bbfull\u00a0\u00bb alignment=\u00a0\u00bbcenter\u00a0\u00bb css_animation=\u00a0\u00bbnone\u00a0\u00bb][vc_column_text el_class=\u00a0\u00bbst-aboutus-title\u00a0\u00bb] Notre Histoire [\/vc_column_text][vc_column_text el_class=\u00a0\u00bbst-aboutus-content\u00a0\u00bb]En 1994, Xenakis Nikolaos a commenc\u00e9 avec un petit voilier pour transporter les visiteurs vers des plages inaccessibles. Son r\u00eave \u00e9tait d&rsquo;offrir des moments uniques de d\u00e9tente et d&rsquo;aventure ! Vingt ans plus tard, la m\u00eame envie est partag\u00e9e par ses coll\u00e8gues. Ensemble, ils [&hellip;]\" \/>\n<meta property=\"og:url\" content=\"https:\/\/www.milosadventures.gr\/fr\/about-us\/\" \/>\n<meta property=\"og:site_name\" content=\"Milos Adventures\" \/>\n<meta property=\"article:modified_time\" content=\"2023-09-27T10:06:39+00:00\" \/>\n<meta property=\"og:image\" content=\"http:\/\/www.milosadventures.gr\/wp-content\/uploads\/2022\/03\/1903x379.jpg\" \/>\n\t<meta property=\"og:image:width\" content=\"1903\" \/>\n\t<meta property=\"og:image:height\" content=\"379\" \/>\n\t<meta property=\"og:image:type\" content=\"image\/jpeg\" \/>\n<meta name=\"twitter:card\" content=\"summary_large_image\" \/>\n<meta name=\"twitter:label1\" content=\"Dur\u00e9e de lecture estim\u00e9e\" \/>\n\t<meta name=\"twitter:data1\" content=\"3 minutes\" \/>\n<script type=\"application\/ld+json\" class=\"yoast-schema-graph\">{\"@context\":\"https:\\\/\\\/schema.org\",\"@graph\":[{\"@type\":\"WebPage\",\"@id\":\"https:\\\/\\\/www.milosadventures.gr\\\/fr\\\/about-us\\\/\",\"url\":\"https:\\\/\\\/www.milosadventures.gr\\\/fr\\\/about-us\\\/\",\"name\":\"\u00c0 propos de nous - Milos Adventures\",\"isPartOf\":{\"@id\":\"https:\\\/\\\/www.milosadventures.gr\\\/#website\"},\"primaryImageOfPage\":{\"@id\":\"https:\\\/\\\/www.milosadventures.gr\\\/fr\\\/about-us\\\/#primaryimage\"},\"image\":{\"@id\":\"https:\\\/\\\/www.milosadventures.gr\\\/fr\\\/about-us\\\/#primaryimage\"},\"thumbnailUrl\":\"https:\\\/\\\/www.milosadventures.gr\\\/wp-content\\\/uploads\\\/2022\\\/04\\\/DJI_0225-2-scaled.jpg\",\"datePublished\":\"2018-12-10T03:06:47+00:00\",\"dateModified\":\"2023-09-27T10:06:39+00:00\",\"breadcrumb\":{\"@id\":\"https:\\\/\\\/www.milosadventures.gr\\\/fr\\\/about-us\\\/#breadcrumb\"},\"inLanguage\":\"fr-FR\",\"potentialAction\":[{\"@type\":\"ReadAction\",\"target\":[\"https:\\\/\\\/www.milosadventures.gr\\\/fr\\\/about-us\\\/\"]}]},{\"@type\":\"ImageObject\",\"inLanguage\":\"fr-FR\",\"@id\":\"https:\\\/\\\/www.milosadventures.gr\\\/fr\\\/about-us\\\/#primaryimage\",\"url\":\"https:\\\/\\\/www.milosadventures.gr\\\/wp-content\\\/uploads\\\/2022\\\/04\\\/DJI_0225-2-scaled.jpg\",\"contentUrl\":\"https:\\\/\\\/www.milosadventures.gr\\\/wp-content\\\/uploads\\\/2022\\\/04\\\/DJI_0225-2-scaled.jpg\",\"width\":2560,\"height\":2560,\"caption\":\"DCIM\\\/100MEDIA\\\/DJI_0225.JPG\"},{\"@type\":\"BreadcrumbList\",\"@id\":\"https:\\\/\\\/www.milosadventures.gr\\\/fr\\\/about-us\\\/#breadcrumb\",\"itemListElement\":[{\"@type\":\"ListItem\",\"position\":1,\"name\":\"Home\",\"item\":\"https:\\\/\\\/www.milosadventures.gr\\\/fr\\\/\"},{\"@type\":\"ListItem\",\"position\":2,\"name\":\"\u00c0 propos de nous\"}]},{\"@type\":\"WebSite\",\"@id\":\"https:\\\/\\\/www.milosadventures.gr\\\/#website\",\"url\":\"https:\\\/\\\/www.milosadventures.gr\\\/\",\"name\":\"Milos Adventures\",\"description\":\"Milos Adventures\",\"potentialAction\":[{\"@type\":\"SearchAction\",\"target\":{\"@type\":\"EntryPoint\",\"urlTemplate\":\"https:\\\/\\\/www.milosadventures.gr\\\/?s={search_term_string}\"},\"query-input\":{\"@type\":\"PropertyValueSpecification\",\"valueRequired\":true,\"valueName\":\"search_term_string\"}}],\"inLanguage\":\"fr-FR\"}]}<\/script>\n<!-- \/ Yoast SEO plugin. -->","yoast_head_json":{"title":"\u00c0 propos de nous - Milos Adventures","robots":{"index":"index","follow":"follow","max-snippet":"max-snippet:-1","max-image-preview":"max-image-preview:large","max-video-preview":"max-video-preview:-1"},"canonical":"https:\/\/www.milosadventures.gr\/fr\/about-us\/","og_locale":"fr_FR","og_type":"article","og_title":"\u00c0 propos de nous - Milos Adventures","og_description":"[vc_row][vc_column][vc_empty_space height=\u00a0\u00bb60px\u00a0\u00bb][\/vc_column][\/vc_row][vc_row][vc_column width=\u00a0\u00bb1\/2&Prime;][vc_single_image image=\u00a0\u00bb10333&Prime; img_size=\u00a0\u00bbfull\u00a0\u00bb alignment=\u00a0\u00bbcenter\u00a0\u00bb css_animation=\u00a0\u00bbnone\u00a0\u00bb][vc_column_text el_class=\u00a0\u00bbst-aboutus-title\u00a0\u00bb] Notre Histoire [\/vc_column_text][vc_column_text el_class=\u00a0\u00bbst-aboutus-content\u00a0\u00bb]En 1994, Xenakis Nikolaos a commenc\u00e9 avec un petit voilier pour transporter les visiteurs vers des plages inaccessibles. Son r\u00eave \u00e9tait d&rsquo;offrir des moments uniques de d\u00e9tente et d&rsquo;aventure ! Vingt ans plus tard, la m\u00eame envie est partag\u00e9e par ses coll\u00e8gues. Ensemble, ils [&hellip;]","og_url":"https:\/\/www.milosadventures.gr\/fr\/about-us\/","og_site_name":"Milos Adventures","article_modified_time":"2023-09-27T10:06:39+00:00","og_image":[{"width":1903,"height":379,"url":"http:\/\/www.milosadventures.gr\/wp-content\/uploads\/2022\/03\/1903x379.jpg","type":"image\/jpeg"}],"twitter_card":"summary_large_image","twitter_misc":{"Dur\u00e9e de lecture estim\u00e9e":"3 minutes"},"schema":{"@context":"https:\/\/schema.org","@graph":[{"@type":"WebPage","@id":"https:\/\/www.milosadventures.gr\/fr\/about-us\/","url":"https:\/\/www.milosadventures.gr\/fr\/about-us\/","name":"\u00c0 propos de nous - Milos Adventures","isPartOf":{"@id":"https:\/\/www.milosadventures.gr\/#website"},"primaryImageOfPage":{"@id":"https:\/\/www.milosadventures.gr\/fr\/about-us\/#primaryimage"},"image":{"@id":"https:\/\/www.milosadventures.gr\/fr\/about-us\/#primaryimage"},"thumbnailUrl":"https:\/\/www.milosadventures.gr\/wp-content\/uploads\/2022\/04\/DJI_0225-2-scaled.jpg","datePublished":"2018-12-10T03:06:47+00:00","dateModified":"2023-09-27T10:06:39+00:00","breadcrumb":{"@id":"https:\/\/www.milosadventures.gr\/fr\/about-us\/#breadcrumb"},"inLanguage":"fr-FR","potentialAction":[{"@type":"ReadAction","target":["https:\/\/www.milosadventures.gr\/fr\/about-us\/"]}]},{"@type":"ImageObject","inLanguage":"fr-FR","@id":"https:\/\/www.milosadventures.gr\/fr\/about-us\/#primaryimage","url":"https:\/\/www.milosadventures.gr\/wp-content\/uploads\/2022\/04\/DJI_0225-2-scaled.jpg","contentUrl":"https:\/\/www.milosadventures.gr\/wp-content\/uploads\/2022\/04\/DJI_0225-2-scaled.jpg","width":2560,"height":2560,"caption":"DCIM\/100MEDIA\/DJI_0225.JPG"},{"@type":"BreadcrumbList","@id":"https:\/\/www.milosadventures.gr\/fr\/about-us\/#breadcrumb","itemListElement":[{"@type":"ListItem","position":1,"name":"Home","item":"https:\/\/www.milosadventures.gr\/fr\/"},{"@type":"ListItem","position":2,"name":"\u00c0 propos de nous"}]},{"@type":"WebSite","@id":"https:\/\/www.milosadventures.gr\/#website","url":"https:\/\/www.milosadventures.gr\/","name":"Milos Adventures","description":"Milos Adventures","potentialAction":[{"@type":"SearchAction","target":{"@type":"EntryPoint","urlTemplate":"https:\/\/www.milosadventures.gr\/?s={search_term_string}"},"query-input":{"@type":"PropertyValueSpecification","valueRequired":true,"valueName":"search_term_string"}}],"inLanguage":"fr-FR"}]}},"_links":{"self":[{"href":"https:\/\/www.milosadventures.gr\/fr\/wp-json\/wp\/v2\/pages\/10955","targetHints":{"allow":["GET"]}}],"collection":[{"href":"https:\/\/www.milosadventures.gr\/fr\/wp-json\/wp\/v2\/pages"}],"about":[{"href":"https:\/\/www.milosadventures.gr\/fr\/wp-json\/wp\/v2\/types\/page"}],"author":[{"embeddable":true,"href":"https:\/\/www.milosadventures.gr\/fr\/wp-json\/wp\/v2\/users\/2"}],"replies":[{"embeddable":true,"href":"https:\/\/www.milosadventures.gr\/fr\/wp-json\/wp\/v2\/comments?post=10955"}],"version-history":[{"count":9,"href":"https:\/\/www.milosadventures.gr\/fr\/wp-json\/wp\/v2\/pages\/10955\/revisions"}],"predecessor-version":[{"id":11220,"href":"https:\/\/www.milosadventures.gr\/fr\/wp-json\/wp\/v2\/pages\/10955\/revisions\/11220"}],"wp:featuredmedia":[{"embeddable":true,"href":"https:\/\/www.milosadventures.gr\/fr\/wp-json\/wp\/v2\/media\/11564"}],"wp:attachment":[{"href":"https:\/\/www.milosadventures.gr\/fr\/wp-json\/wp\/v2\/media?parent=10955"}],"curies":[{"name":"wp","href":"https:\/\/api.w.org\/{rel}","templated":true}]}}